{"id":2231,"date":"2023-05-12T14:12:38","date_gmt":"2023-05-12T13:12:38","guid":{"rendered":"https:\/\/nouyadjamassociates.com\/?page_id=2231"},"modified":"2023-05-12T15:29:52","modified_gmt":"2023-05-12T14:29:52","slug":"privacy-notice","status":"publish","type":"page","link":"https:\/\/nouyadjamassociates.com\/fr\/privacy-notice\/","title":{"rendered":"Politique de Confidentialit\u00e9"},"content":{"rendered":"<div data-elementor-type=\"wp-page\" data-elementor-id=\"2231\" class=\"elementor elementor-2231\">\n\t\t\t\t\t\t<div class=\"elementor-inner\">\n\t\t\t\t<div class=\"elementor-section-wrap\">\n\t\t\t\t\t\t\t\t\t<section class=\"elementor-section elementor-top-section elementor-element elementor-element-453ed42a elementor-section-boxed elementor-section-height-default elementor-section-height-default\" data-id=\"453ed42a\" data-element_type=\"section\">\n\t\t\t\t\t\t<div class=\"elementor-container elementor-column-gap-default\">\n\t\t\t\t\t\t\t<div class=\"elementor-row\">\n\t\t\t\t\t<div class=\"elementor-column elementor-col-100 elementor-top-column elementor-element elementor-element-7981466f\" data-id=\"7981466f\" data-element_type=\"column\">\n\t\t\t<div class=\"elementor-column-wrap elementor-element-populated\">\n\t\t\t\t\t\t\t<div class=\"elementor-widget-wrap\">\n\t\t\t\t\t\t<div class=\"elementor-element elementor-element-6938cd27 elementor-widget elementor-widget-text-editor\" data-id=\"6938cd27\" data-element_type=\"widget\" id=\"text_privacy_policy\" data-widget_type=\"text-editor.default\">\n\t\t\t\t<div class=\"elementor-widget-container\">\n\t\t\t\t\t\t\t\t<div class=\"elementor-text-editor elementor-clearfix\">\n\t\t\t\t<p><!-- wp:paragraph {\"align\":\"left\"} --><\/p>\n<p class=\"has-text-align-left\"><!-- wp:paragraph {\"align\":\"left\"} --><\/p>\n<p class=\"has-text-align-left\">Politique de confidentialit\u00e9 du cabinet d'avocat Nouyadjam &amp; Associates bas\u00e9 \u00e0 Yaound\u00e9, Cameroun :<\/p>\n<p class=\"has-text-align-left\"><!-- \/wp:paragraph --> <!-- wp:paragraph {\"align\":\"left\"} --><\/p>\n<p class=\"has-text-align-left\">Chez Nouyadjam &amp; Associates, la protection de la confidentialit\u00e9 des informations de nos clients est d'une importance primordiale. Nous nous engageons \u00e0 pr\u00e9server la confidentialit\u00e9 et la s\u00e9curit\u00e9 des donn\u00e9es personnelles que vous partagez avec nous. Cette politique de confidentialit\u00e9 vise \u00e0 vous informer sur la mani\u00e8re dont nous collectons, utilisons et prot\u00e9geons vos informations.<\/p>\n<p class=\"has-text-align-left\"><!-- \/wp:paragraph --> <!-- wp:paragraph {\"align\":\"left\"} --><\/p>\n<p class=\"has-text-align-left\">Collecte d'informations : Nous pouvons collecter des informations personnelles, telles que votre nom, votre adresse, votre adresse \u00e9lectronique et votre num\u00e9ro de t\u00e9l\u00e9phone, lorsque vous nous contactez ou utilisez nos services juridiques. Ces informations sont collect\u00e9es de mani\u00e8re l\u00e9gale et dans le respect des lois et r\u00e9glementations en vigueur.<\/p>\n<p class=\"has-text-align-left\"><!-- \/wp:paragraph --> <!-- wp:paragraph {\"align\":\"left\"} --><\/p>\n<p class=\"has-text-align-left\">Utilisation des informations : Les informations que nous collectons peuvent \u00eatre utilis\u00e9es dans le but de vous fournir des services juridiques, de communiquer avec vous, de g\u00e9rer nos relations avec vous, de r\u00e9pondre \u00e0 vos demandes et de vous informer sur nos services. Nous n'utiliserons vos informations que dans le cadre des finalit\u00e9s pour lesquelles elles ont \u00e9t\u00e9 collect\u00e9es.<\/p>\n<p class=\"has-text-align-left\"><!-- \/wp:paragraph --> <!-- wp:paragraph {\"align\":\"left\"} --><\/p>\n<p class=\"has-text-align-left\">Protection des informations : Nous prenons des mesures appropri\u00e9es pour prot\u00e9ger vos informations personnelles contre toute perte, acc\u00e8s non autoris\u00e9, divulgation, alt\u00e9ration ou destruction. Nous avons mis en place des mesures de s\u00e9curit\u00e9 techniques, administratives et physiques pour garantir la confidentialit\u00e9 et l'int\u00e9grit\u00e9 de vos informations.<\/p>\n<p class=\"has-text-align-left\"><!-- \/wp:paragraph --> <!-- wp:paragraph {\"align\":\"left\"} --><\/p>\n<p class=\"has-text-align-left\">Partage des informations : Nous ne vendons, ne louons ni ne partageons vos informations personnelles avec des tiers non affili\u00e9s, sauf si cela est n\u00e9cessaire pour vous fournir nos services juridiques ou si la loi l'exige. Dans de tels cas, nous veillerons \u00e0 ce que vos informations soient trait\u00e9es de mani\u00e8re confidentielle et s\u00e9curis\u00e9e.<\/p>\n<p class=\"has-text-align-left\"><!-- \/wp:paragraph --> <!-- wp:paragraph {\"align\":\"left\"} --><\/p>\n<p class=\"has-text-align-left\">Conservation des informations : Nous conserverons vos informations personnelles aussi longtemps que n\u00e9cessaire pour atteindre les objectifs pour lesquels elles ont \u00e9t\u00e9 collect\u00e9es, ou selon les exigences l\u00e9gales applicables.<\/p>\n<p class=\"has-text-align-left\"><!-- \/wp:paragraph --> <!-- wp:paragraph {\"align\":\"left\"} --><\/p>\n<p class=\"has-text-align-left\">Vos droits : Vous avez le droit d'acc\u00e9der \u00e0 vos informations personnelles, de les rectifier, de les mettre \u00e0 jour ou de les supprimer. Si vous souhaitez exercer vos droits ou avoir des questions sur notre politique de confidentialit\u00e9, veuillez nous contacter \u00e0 l'adresse indiqu\u00e9e ci-dessous.<\/p>\n<p class=\"has-text-align-left\"><!-- \/wp:paragraph --> <!-- wp:paragraph {\"align\":\"left\"} --><\/p>\n<p class=\"has-text-align-left\">Modifications de la politique de confidentialit\u00e9 : Nous pouvons mettre \u00e0 jour cette politique de confidentialit\u00e9 de temps \u00e0 autre. Toute modification sera publi\u00e9e sur notre site web et entrera en vigueur d\u00e8s sa publication.<\/p>\n<p class=\"has-text-align-left\"><!-- \/wp:paragraph --> <!-- wp:paragraph {\"align\":\"left\"} --><\/p>\n<p class=\"has-text-align-left\">Contact : Pour toute question concernant notre politique de confidentialit\u00e9 ou pour exercer vos droits, veuillez nous contacter \u00e0 l'adresse suivante :<\/p>\n<p class=\"has-text-align-left\"><!-- \/wp:paragraph --> <!-- wp:paragraph {\"align\":\"left\"} --><\/p>\n<p class=\"has-text-align-left\">Nouyadjam &amp; Associates<br>Adresse : Yaound\u00e9, Cameroun<br>T\u00e9l\u00e9phone: +237 6 95 52 96 83<br>Email: contact@nouyadjamassociates.com<\/p>\n<p class=\"has-text-align-left\"><!-- \/wp:paragraph --> <!-- wp:paragraph {\"align\":\"left\"} --><\/p>\n<p class=\"has-text-align-left\">Nous sommes engag\u00e9s \u00e0 respecter la confidentialit\u00e9 de vos informations et \u00e0 traiter vos donn\u00e9es personnelles de mani\u00e8re s\u00e9curis\u00e9e et confidentielle.<\/p>\n<p class=\"has-text-align-left\"><!-- \/wp:paragraph --><\/p>\n<p><!-- \/wp:paragraph --><\/p>\t\t\t\t\t<\/div>\n\t\t\t\t\t\t<\/div>\n\t\t\t\t<\/div>\n\t\t\t\t\t\t<\/div>\n\t\t\t\t\t<\/div>\n\t\t<\/div>\n\t\t\t\t\t\t\t\t<\/div>\n\t\t\t\t\t<\/div>\n\t\t<\/section>\n\t\t\t\t\t\t\t\t\t<\/div>\n\t\t\t<\/div>\n\t\t\t\t\t<\/div>","protected":false},"excerpt":{"rendered":"<p>Privacy Policy of Nouyadjam &amp; Associates Law Firm based in Yaound\u00e9, Cameroon: At Nouyadjam &amp; Associates, safeguarding the confidentiality of our clients&#8217; information is of utmost importance to us. We are committed to preserving the privacy and security of the personal data you share with us. This privacy policy aims to inform you about how [&hellip;]<\/p>","protected":false},"author":3,"featured_media":0,"parent":0,"menu_order":0,"comment_status":"closed","ping_status":"closed","template":"","meta":{"_themeisle_gutenberg_block_has_review":false,"footnotes":""},"class_list":["post-2231","page","type-page","status-publish","hentry"],"yoast_head":"<!-- This site is optimized with the Yoast SEO plugin v19.7.1 - https:\/\/yoast.com\/wordpress\/plugins\/seo\/ -->\n<title>Privacy Notice - Nouyadjam &amp; Associates<\/title>\n<meta name=\"robots\" content=\"index, follow, max-snippet:-1, max-image-preview:large, max-video-preview:-1\" \/>\n<link rel=\"canonical\" href=\"https:\/\/nouyadjamassociates.com\/fr\/privacy-notice\/\" \/>\n<meta property=\"og:locale\" content=\"fr_FR\" \/>\n<meta property=\"og:type\" content=\"article\" \/>\n<meta property=\"og:title\" content=\"Privacy Notice - Nouyadjam &amp; Associates\" \/>\n<meta property=\"og:description\" content=\"Privacy Policy of Nouyadjam &amp; Associates Law Firm based in Yaound\u00e9, Cameroon: At Nouyadjam &amp; Associates, safeguarding the confidentiality of our clients&#8217; information is of utmost importance to us. We are committed to preserving the privacy and security of the personal data you share with us. This privacy policy aims to inform you about how [&hellip;]\" \/>\n<meta property=\"og:url\" content=\"https:\/\/nouyadjamassociates.com\/fr\/privacy-notice\/\" \/>\n<meta property=\"og:site_name\" content=\"Nouyadjam &amp; Associates\" \/>\n<meta property=\"article:modified_time\" content=\"2023-05-12T14:29:52+00:00\" \/>\n<meta name=\"twitter:label1\" content=\"Dur\u00e9e de lecture estim\u00e9e\" \/>\n\t<meta name=\"twitter:data1\" content=\"2 minutes\" \/>\n<script type=\"application\/ld+json\" class=\"yoast-schema-graph\">{\"@context\":\"https:\/\/schema.org\",\"@graph\":[{\"@type\":\"WebPage\",\"@id\":\"https:\/\/nouyadjamassociates.com\/privacy-notice\/\",\"url\":\"https:\/\/nouyadjamassociates.com\/privacy-notice\/\",\"name\":\"Privacy Notice - Nouyadjam &amp; Associates\",\"isPartOf\":{\"@id\":\"https:\/\/nouyadjamassociates.com\/#website\"},\"datePublished\":\"2023-05-12T13:12:38+00:00\",\"dateModified\":\"2023-05-12T14:29:52+00:00\",\"breadcrumb\":{\"@id\":\"https:\/\/nouyadjamassociates.com\/privacy-notice\/#breadcrumb\"},\"inLanguage\":\"fr-FR\",\"potentialAction\":[{\"@type\":\"ReadAction\",\"target\":[\"https:\/\/nouyadjamassociates.com\/privacy-notice\/\"]}]},{\"@type\":\"BreadcrumbList\",\"@id\":\"https:\/\/nouyadjamassociates.com\/privacy-notice\/#breadcrumb\",\"itemListElement\":[{\"@type\":\"ListItem\",\"position\":1,\"name\":\"Privacy Notice\"}]},{\"@type\":\"WebSite\",\"@id\":\"https:\/\/nouyadjamassociates.com\/#website\",\"url\":\"https:\/\/nouyadjamassociates.com\/\",\"name\":\"Nouyadjam &amp; Associates\",\"description\":\"\",\"publisher\":{\"@id\":\"https:\/\/nouyadjamassociates.com\/#organization\"},\"potentialAction\":[{\"@type\":\"SearchAction\",\"target\":{\"@type\":\"EntryPoint\",\"urlTemplate\":\"https:\/\/nouyadjamassociates.com\/?s={search_term_string}\"},\"query-input\":\"required name=search_term_string\"}],\"inLanguage\":\"fr-FR\"},{\"@type\":\"Organization\",\"@id\":\"https:\/\/nouyadjamassociates.com\/#organization\",\"name\":\"Nouyadjam &amp; Associates\",\"url\":\"https:\/\/nouyadjamassociates.com\/\",\"sameAs\":[],\"logo\":{\"@type\":\"ImageObject\",\"inLanguage\":\"fr-FR\",\"@id\":\"https:\/\/nouyadjamassociates.com\/#\/schema\/logo\/image\/\",\"url\":\"https:\/\/nouyadjamassociates.com\/wp-content\/uploads\/2023\/04\/cropped-logo-blue_0.png\",\"contentUrl\":\"https:\/\/nouyadjamassociates.com\/wp-content\/uploads\/2023\/04\/cropped-logo-blue_0.png\",\"width\":384,\"height\":250,\"caption\":\"Nouyadjam &amp; Associates\"},\"image\":{\"@id\":\"https:\/\/nouyadjamassociates.com\/#\/schema\/logo\/image\/\"}}]}<\/script>\n<!-- \/ Yoast SEO plugin. -->","yoast_head_json":{"title":"Privacy Notice - Nouyadjam &amp; Associates","robots":{"index":"index","follow":"follow","max-snippet":"max-snippet:-1","max-image-preview":"max-image-preview:large","max-video-preview":"max-video-preview:-1"},"canonical":"https:\/\/nouyadjamassociates.com\/fr\/privacy-notice\/","og_locale":"fr_FR","og_type":"article","og_title":"Privacy Notice - Nouyadjam &amp; Associates","og_description":"Privacy Policy of Nouyadjam &amp; Associates Law Firm based in Yaound\u00e9, Cameroon: At Nouyadjam &amp; Associates, safeguarding the confidentiality of our clients&#8217; information is of utmost importance to us. We are committed to preserving the privacy and security of the personal data you share with us. This privacy policy aims to inform you about how [&hellip;]","og_url":"https:\/\/nouyadjamassociates.com\/fr\/privacy-notice\/","og_site_name":"Nouyadjam &amp; Associates","article_modified_time":"2023-05-12T14:29:52+00:00","twitter_misc":{"Dur\u00e9e de lecture estim\u00e9e":"2 minutes"},"schema":{"@context":"https:\/\/schema.org","@graph":[{"@type":"WebPage","@id":"https:\/\/nouyadjamassociates.com\/privacy-notice\/","url":"https:\/\/nouyadjamassociates.com\/privacy-notice\/","name":"Privacy Notice - Nouyadjam &amp; Associates","isPartOf":{"@id":"https:\/\/nouyadjamassociates.com\/#website"},"datePublished":"2023-05-12T13:12:38+00:00","dateModified":"2023-05-12T14:29:52+00:00","breadcrumb":{"@id":"https:\/\/nouyadjamassociates.com\/privacy-notice\/#breadcrumb"},"inLanguage":"fr-FR","potentialAction":[{"@type":"ReadAction","target":["https:\/\/nouyadjamassociates.com\/privacy-notice\/"]}]},{"@type":"BreadcrumbList","@id":"https:\/\/nouyadjamassociates.com\/privacy-notice\/#breadcrumb","itemListElement":[{"@type":"ListItem","position":1,"name":"Privacy Notice"}]},{"@type":"WebSite","@id":"https:\/\/nouyadjamassociates.com\/#website","url":"https:\/\/nouyadjamassociates.com\/","name":"Nouyadjam &amp; Associates","description":"","publisher":{"@id":"https:\/\/nouyadjamassociates.com\/#organization"},"potentialAction":[{"@type":"SearchAction","target":{"@type":"EntryPoint","urlTemplate":"https:\/\/nouyadjamassociates.com\/?s={search_term_string}"},"query-input":"required name=search_term_string"}],"inLanguage":"fr-FR"},{"@type":"Organization","@id":"https:\/\/nouyadjamassociates.com\/#organization","name":"Nouyadjam &amp; Associates","url":"https:\/\/nouyadjamassociates.com\/","sameAs":[],"logo":{"@type":"ImageObject","inLanguage":"fr-FR","@id":"https:\/\/nouyadjamassociates.com\/#\/schema\/logo\/image\/","url":"https:\/\/nouyadjamassociates.com\/wp-content\/uploads\/2023\/04\/cropped-logo-blue_0.png","contentUrl":"https:\/\/nouyadjamassociates.com\/wp-content\/uploads\/2023\/04\/cropped-logo-blue_0.png","width":384,"height":250,"caption":"Nouyadjam &amp; Associates"},"image":{"@id":"https:\/\/nouyadjamassociates.com\/#\/schema\/logo\/image\/"}}]}},"_links":{"self":[{"href":"https:\/\/nouyadjamassociates.com\/fr\/wp-json\/wp\/v2\/pages\/2231","targetHints":{"allow":["GET"]}}],"collection":[{"href":"https:\/\/nouyadjamassociates.com\/fr\/wp-json\/wp\/v2\/pages"}],"about":[{"href":"https:\/\/nouyadjamassociates.com\/fr\/wp-json\/wp\/v2\/types\/page"}],"author":[{"embeddable":true,"href":"https:\/\/nouyadjamassociates.com\/fr\/wp-json\/wp\/v2\/users\/3"}],"replies":[{"embeddable":true,"href":"https:\/\/nouyadjamassociates.com\/fr\/wp-json\/wp\/v2\/comments?post=2231"}],"version-history":[{"count":5,"href":"https:\/\/nouyadjamassociates.com\/fr\/wp-json\/wp\/v2\/pages\/2231\/revisions"}],"predecessor-version":[{"id":2242,"href":"https:\/\/nouyadjamassociates.com\/fr\/wp-json\/wp\/v2\/pages\/2231\/revisions\/2242"}],"wp:attachment":[{"href":"https:\/\/nouyadjamassociates.com\/fr\/wp-json\/wp\/v2\/media?parent=2231"}],"curies":[{"name":"wp","href":"https:\/\/api.w.org\/{rel}","templated":true}]}}