{"id":1982,"date":"2023-05-09T13:50:49","date_gmt":"2023-05-09T12:50:49","guid":{"rendered":"https:\/\/nouyadjamassociates.com\/?page_id=1982"},"modified":"2023-05-12T17:30:31","modified_gmt":"2023-05-12T16:30:31","slug":"mr-nouyadjam-t-jean-jacques-2","status":"publish","type":"page","link":"https:\/\/nouyadjamassociates.com\/fr\/mr-nouyadjam-t-jean-jacques-2\/","title":{"rendered":"M. Nouyadjam T. Jean Jacques"},"content":{"rendered":"<div data-elementor-type=\"wp-page\" data-elementor-id=\"1982\" class=\"elementor elementor-1982\">\n\t\t\t\t\t\t<div class=\"elementor-inner\">\n\t\t\t\t<div class=\"elementor-section-wrap\">\n\t\t\t\t\t\t\t\t\t<section class=\"elementor-section elementor-top-section elementor-element elementor-element-34cbf18 elementor-section-boxed elementor-section-height-default elementor-section-height-default\" data-id=\"34cbf18\" data-element_type=\"section\">\n\t\t\t\t\t\t<div class=\"elementor-container elementor-column-gap-default\">\n\t\t\t\t\t\t\t<div class=\"elementor-row\">\n\t\t\t\t\t<div class=\"elementor-column elementor-col-100 elementor-top-column elementor-element elementor-element-a48b498\" data-id=\"a48b498\" data-element_type=\"column\">\n\t\t\t<div class=\"elementor-column-wrap elementor-element-populated\">\n\t\t\t\t\t\t\t<div class=\"elementor-widget-wrap\">\n\t\t\t\t\t\t<div class=\"elementor-element elementor-element-4abe9e0 elementor-widget elementor-widget-image\" data-id=\"4abe9e0\" data-element_type=\"widget\" data-widget_type=\"image.default\">\n\t\t\t\t<div class=\"elementor-widget-container\">\n\t\t\t\t\t\t\t\t<div class=\"elementor-image\">\n\t\t\t\t\t\t\t\t\t\t\t\t<img loading=\"lazy\" decoding=\"async\" width=\"1080\" height=\"720\" src=\"https:\/\/nouyadjamassociates.com\/wp-content\/uploads\/2023\/04\/98013794_126370629063772_8570101687157522432_n.jpg\" class=\"attachment-2048x2048 size-2048x2048 wp-image-836\" alt=\"\" srcset=\"https:\/\/nouyadjamassociates.com\/wp-content\/uploads\/2023\/04\/98013794_126370629063772_8570101687157522432_n.jpg 1080w, https:\/\/nouyadjamassociates.com\/wp-content\/uploads\/2023\/04\/98013794_126370629063772_8570101687157522432_n-300x200.jpg 300w, https:\/\/nouyadjamassociates.com\/wp-content\/uploads\/2023\/04\/98013794_126370629063772_8570101687157522432_n-1024x683.jpg 1024w, https:\/\/nouyadjamassociates.com\/wp-content\/uploads\/2023\/04\/98013794_126370629063772_8570101687157522432_n-768x512.jpg 768w\" sizes=\"auto, (max-width: 1080px) 100vw, 1080px\" \/>\t\t\t\t\t\t\t\t\t\t\t\t\t\t<\/div>\n\t\t\t\t\t\t<\/div>\n\t\t\t\t<\/div>\n\t\t\t\t\t\t<\/div>\n\t\t\t\t\t<\/div>\n\t\t<\/div>\n\t\t\t\t\t\t\t\t<\/div>\n\t\t\t\t\t<\/div>\n\t\t<\/section>\n\t\t\t\t<section class=\"elementor-section elementor-top-section elementor-element elementor-element-7802c96 elementor-section-boxed elementor-section-height-default elementor-section-height-default\" data-id=\"7802c96\" data-element_type=\"section\" id=\"section-details\">\n\t\t\t\t\t\t<div class=\"elementor-container elementor-column-gap-default\">\n\t\t\t\t\t\t\t<div class=\"elementor-row\">\n\t\t\t\t\t<div class=\"elementor-column elementor-col-100 elementor-top-column elementor-element elementor-element-bfc2f69\" data-id=\"bfc2f69\" data-element_type=\"column\">\n\t\t\t<div class=\"elementor-column-wrap elementor-element-populated\">\n\t\t\t\t\t\t\t<div class=\"elementor-widget-wrap\">\n\t\t\t\t\t\t<div class=\"elementor-element elementor-element-18bd047 elementor-widget elementor-widget-text-editor\" data-id=\"18bd047\" data-element_type=\"widget\" data-widget_type=\"text-editor.default\">\n\t\t\t\t<div class=\"elementor-widget-container\">\n\t\t\t\t\t\t\t\t<div class=\"elementor-text-editor elementor-clearfix\">\n\t\t\t\t<h4>Esquire<\/h4><p><b>Mail<\/b>: nouyadjam@gmail.com<\/p><p><b>Num\u00e9ro Fixe:<\/b> +237 697 33 07 85<\/p><hr \/><p>Me NOUYADJAM TCHOKOSSI Jean Jacques, Avocat au Barreau du Cameroun, Arbitre formateur, il est membre de diverses associations de renom, tant sur le plan national qu\u2019international, ce qui lui permet d\u2019avoir un r\u00e9seau de correspondants de qualit\u00e9.\u00a0<\/p><p><strong>\u00a0<\/strong>Il est Membre de l\u2019Association Fran\u00e7aise d\u2019Arbitrage (AFA), Membre de l\u2019Association pour la Promotion de l\u2019Arbitrage en Afrique (APAA), Membre de l\u2019Union Internationale des Avocats (UIA), Rapporteur de la Commission d\u2019Homologation et de Discipline de la F\u00e9d\u00e9ration Camerounaise de Football (FECAFOOT), Membre de l\u2019Association Internationale des Avocats du Football. (AIAF) et Pr\u00e9sident de l\u2019Association Camerounaise des Avocats en Droit du Sport (ACADS).<\/p><p><strong>\u00a0<\/strong>Maitre NOUYADJAM T Jean Jacques, est titulaire d\u2019un Dipl\u00f4me Universitaire en Droit de l\u2019Arbitrage Interne et International, de la Facult\u00e9 de Droit et Sciences Politiques de l\u2019Universit\u00e9 de Montpellier (France), d\u2019un Master 2 en Droit de la Propri\u00e9t\u00e9 Intellectuelle OAPI\/OMPI et Universit\u00e9 de Yaound\u00e9 II Soa (Cameroun), d\u2019un Master 2 en Droit Communautaire Africain option Droit des Affaires IDC\/Universit\u00e9 de Bouake en C\u00f4te d\u2019Ivoire.<\/p><p><strong>\u00a0<\/strong>Afin d'am\u00e9liorer ses comp\u00e9tences, il a suivi avec succ\u00e8s une formation professionnelle en droit de l'\u00e9nergie et des mines \u00e0 l'Institut des mati\u00e8res premi\u00e8res de Douala (Cameroun).<\/p><p><strong>\u00a0<\/strong>Passionn\u00e9 par le droit du sport, et pour en assurer la promotion, il a cr\u00e9\u00e9, avec quelques coll\u00e8gues, l'Association camerounaise des juristes en droit du sport (ACADS).<\/p><p>Il a \u00e9t\u00e9 \u00e9lu au poste de rapporteur de la Commission d'appel de la F\u00e9d\u00e9ration camerounaise de football (FECAFOOT).<\/p><p><strong>\u00a0<\/strong>A ce jour, il est titulaire d'une vingtaine de certifications en droit, dont dix en arbitrage.\u00a0<\/p><p><strong>\u00a0<\/strong>Sur le plan professionnel, il a travaill\u00e9 pendant plus de 15 ans au sein du cabinet de renomm\u00e9e internationale MUNA MUNA &amp; Associes, o\u00f9 il a trait\u00e9 des dossiers tr\u00e8s techniques et sensibles tant au niveau national qu'international, pour le compte de l'\u00c9tat et d'entreprises priv\u00e9es.<\/p><p><strong>\u00a0<\/strong>En outre, il convient de noter qu'il a acquis une grande exp\u00e9rience en mati\u00e8re de conseil en investissement, d'assistance technique, d'audit et de gestion des risques contractuels, de conseil, d'audit et de gestion des droits de propri\u00e9t\u00e9 intellectuelle et des actifs lorsqu'il travaillait avec des multinationales.<\/p><p>Il supervise \u00e9galement des \u00e9tudiants en stage dans son cabinet, issus de diverses universit\u00e9s et instituts, tels que l'Institut des relations internationales du Cameroun (IRIC) et l'Universit\u00e9 catholique d'Afrique centrale.<\/p><p><strong>\u00a0<\/strong>Il a enseign\u00e9 les modes alternatifs de r\u00e9solution des conflits \u00e0 la Facult\u00e9 des sciences juridiques et politiques de l'Universit\u00e9 de Maroua.<\/p><p><strong>\u00a0<\/strong>Il est membre du jury au Centre africain pour le droit et le d\u00e9veloppement (CADEV)\/Yaound\u00e9 o\u00f9 il forme des jeunes avocats depuis onze ans. Ses enseignements portent davantage sur les diff\u00e9rentes techniques utilis\u00e9es lors de la signature d'un contrat, le recouvrement de cr\u00e9ances et les plaidoiries devant les juridictions de droit commun.<\/p>\t\t\t\t\t<\/div>\n\t\t\t\t\t\t<\/div>\n\t\t\t\t<\/div>\n\t\t\t\t\t\t<\/div>\n\t\t\t\t\t<\/div>\n\t\t<\/div>\n\t\t\t\t\t\t\t\t<\/div>\n\t\t\t\t\t<\/div>\n\t\t<\/section>\n\t\t\t\t<section class=\"elementor-section elementor-top-section elementor-element elementor-element-43b4120 elementor-section-boxed elementor-section-height-default elementor-section-height-default\" data-id=\"43b4120\" data-element_type=\"section\">\n\t\t\t\t\t\t<div class=\"elementor-container elementor-column-gap-default\">\n\t\t\t\t\t\t\t<div class=\"elementor-row\">\n\t\t\t\t\t<div class=\"elementor-column elementor-col-100 elementor-top-column elementor-element elementor-element-b94624d\" data-id=\"b94624d\" data-element_type=\"column\">\n\t\t\t<div class=\"elementor-column-wrap elementor-element-populated\">\n\t\t\t\t\t\t\t<div class=\"elementor-widget-wrap\">\n\t\t\t\t\t\t<div class=\"elementor-element elementor-element-04722b7 elementor-shape-circle e-grid-align-left elementor-grid-0 elementor-widget elementor-widget-social-icons\" data-id=\"04722b7\" data-element_type=\"widget\" data-widget_type=\"social-icons.default\">\n\t\t\t\t<div class=\"elementor-widget-container\">\n\t\t\t\t\t<div class=\"elementor-social-icons-wrapper elementor-grid\">\n\t\t\t\t\t\t\t<span class=\"elementor-grid-item\">\n\t\t\t\t\t<a class=\"elementor-icon elementor-social-icon elementor-social-icon-facebook elementor-repeater-item-9ed6213\" href=\"https:\/\/www.facebook.com\/NouyadjamAssociates\/\" target=\"_blank\">\n\t\t\t\t\t\t<span class=\"elementor-screen-only\">Facebook<\/span>\n\t\t\t\t\t\t<i class=\"fab fa-facebook\"><\/i>\t\t\t\t\t<\/a>\n\t\t\t\t<\/span>\n\t\t\t\t\t\t\t<span class=\"elementor-grid-item\">\n\t\t\t\t\t<a class=\"elementor-icon elementor-social-icon elementor-social-icon-linkedin elementor-repeater-item-fc3c16c\" href=\"https:\/\/cm.linkedin.com\/in\/jean-jacques-nouyadjam-476048121\" target=\"_blank\">\n\t\t\t\t\t\t<span class=\"elementor-screen-only\">Linkedin<\/span>\n\t\t\t\t\t\t<i class=\"fab fa-linkedin\"><\/i>\t\t\t\t\t<\/a>\n\t\t\t\t<\/span>\n\t\t\t\t\t<\/div>\n\t\t\t\t<\/div>\n\t\t\t\t<\/div>\n\t\t\t\t\t\t<\/div>\n\t\t\t\t\t<\/div>\n\t\t<\/div>\n\t\t\t\t\t\t\t\t<\/div>\n\t\t\t\t\t<\/div>\n\t\t<\/section>\n\t\t\t\t\t\t\t\t\t<\/div>\n\t\t\t<\/div>\n\t\t\t\t\t<\/div>","protected":false},"excerpt":{"rendered":"<p>Esquire Mail: nouyadjam@gmail.com Num\u00e9ro Fixe: +237 697 33 07 85 Barrister NOUYADJAM TCHOKOSSI Jean Jacques is a Lawyer of the Cameroon Bar Association. He is also a trainer and arbitrator. His membership in other local and internationally renowned associations, opens up the firm to an expand network of quality correspondents.\u00a0 \u00a0He happens to be a [&hellip;]<\/p>","protected":false},"author":1,"featured_media":0,"parent":0,"menu_order":0,"comment_status":"closed","ping_status":"closed","template":"","meta":{"_themeisle_gutenberg_block_has_review":false,"footnotes":""},"class_list":["post-1982","page","type-page","status-publish","hentry"],"yoast_head":"<!-- This site is optimized with the Yoast SEO plugin v19.7.1 - https:\/\/yoast.com\/wordpress\/plugins\/seo\/ -->\n<title>Mr Nouyadjam T. Jean Jacques - Nouyadjam &amp; Associates<\/title>\n<meta name=\"robots\" content=\"index, follow, max-snippet:-1, max-image-preview:large, max-video-preview:-1\" \/>\n<link rel=\"canonical\" href=\"https:\/\/nouyadjamassociates.com\/fr\/mr-nouyadjam-t-jean-jacques-2\/\" \/>\n<meta property=\"og:locale\" content=\"fr_FR\" \/>\n<meta property=\"og:type\" content=\"article\" \/>\n<meta property=\"og:title\" content=\"Mr Nouyadjam T. Jean Jacques - Nouyadjam &amp; Associates\" \/>\n<meta property=\"og:description\" content=\"Esquire Mail: nouyadjam@gmail.com Num\u00e9ro Fixe: +237 697 33 07 85 Barrister NOUYADJAM TCHOKOSSI Jean Jacques is a Lawyer of the Cameroon Bar Association. He is also a trainer and arbitrator. His membership in other local and internationally renowned associations, opens up the firm to an expand network of quality correspondents.\u00a0 \u00a0He happens to be a [&hellip;]\" \/>\n<meta property=\"og:url\" content=\"https:\/\/nouyadjamassociates.com\/fr\/mr-nouyadjam-t-jean-jacques-2\/\" \/>\n<meta property=\"og:site_name\" content=\"Nouyadjam &amp; Associates\" \/>\n<meta property=\"article:modified_time\" content=\"2023-05-12T16:30:31+00:00\" \/>\n<meta property=\"og:image\" content=\"https:\/\/nouyadjamassociates.com\/wp-content\/uploads\/2023\/04\/98013794_126370629063772_8570101687157522432_n.jpg\" \/>\n<meta name=\"twitter:label1\" content=\"Dur\u00e9e de lecture estim\u00e9e\" \/>\n\t<meta name=\"twitter:data1\" content=\"2 minutes\" \/>\n<script type=\"application\/ld+json\" class=\"yoast-schema-graph\">{\"@context\":\"https:\/\/schema.org\",\"@graph\":[{\"@type\":\"WebPage\",\"@id\":\"https:\/\/nouyadjamassociates.com\/mr-nouyadjam-t-jean-jacques-2\/\",\"url\":\"https:\/\/nouyadjamassociates.com\/mr-nouyadjam-t-jean-jacques-2\/\",\"name\":\"Mr Nouyadjam T. Jean Jacques - Nouyadjam &amp; Associates\",\"isPartOf\":{\"@id\":\"https:\/\/nouyadjamassociates.com\/#website\"},\"datePublished\":\"2023-05-09T12:50:49+00:00\",\"dateModified\":\"2023-05-12T16:30:31+00:00\",\"breadcrumb\":{\"@id\":\"https:\/\/nouyadjamassociates.com\/mr-nouyadjam-t-jean-jacques-2\/#breadcrumb\"},\"inLanguage\":\"fr-FR\",\"potentialAction\":[{\"@type\":\"ReadAction\",\"target\":[\"https:\/\/nouyadjamassociates.com\/mr-nouyadjam-t-jean-jacques-2\/\"]}]},{\"@type\":\"BreadcrumbList\",\"@id\":\"https:\/\/nouyadjamassociates.com\/mr-nouyadjam-t-jean-jacques-2\/#breadcrumb\",\"itemListElement\":[{\"@type\":\"ListItem\",\"position\":1,\"name\":\"Mr Nouyadjam T. Jean Jacques\"}]},{\"@type\":\"WebSite\",\"@id\":\"https:\/\/nouyadjamassociates.com\/#website\",\"url\":\"https:\/\/nouyadjamassociates.com\/\",\"name\":\"Nouyadjam &amp; Associates\",\"description\":\"\",\"publisher\":{\"@id\":\"https:\/\/nouyadjamassociates.com\/#organization\"},\"potentialAction\":[{\"@type\":\"SearchAction\",\"target\":{\"@type\":\"EntryPoint\",\"urlTemplate\":\"https:\/\/nouyadjamassociates.com\/?s={search_term_string}\"},\"query-input\":\"required name=search_term_string\"}],\"inLanguage\":\"fr-FR\"},{\"@type\":\"Organization\",\"@id\":\"https:\/\/nouyadjamassociates.com\/#organization\",\"name\":\"Nouyadjam &amp; Associates\",\"url\":\"https:\/\/nouyadjamassociates.com\/\",\"sameAs\":[],\"logo\":{\"@type\":\"ImageObject\",\"inLanguage\":\"fr-FR\",\"@id\":\"https:\/\/nouyadjamassociates.com\/#\/schema\/logo\/image\/\",\"url\":\"https:\/\/nouyadjamassociates.com\/wp-content\/uploads\/2023\/04\/cropped-logo-blue_0.png\",\"contentUrl\":\"https:\/\/nouyadjamassociates.com\/wp-content\/uploads\/2023\/04\/cropped-logo-blue_0.png\",\"width\":384,\"height\":250,\"caption\":\"Nouyadjam &amp; Associates\"},\"image\":{\"@id\":\"https:\/\/nouyadjamassociates.com\/#\/schema\/logo\/image\/\"}}]}<\/script>\n<!-- \/ Yoast SEO plugin. -->","yoast_head_json":{"title":"Mr Nouyadjam T. Jean Jacques - Nouyadjam &amp; Associates","robots":{"index":"index","follow":"follow","max-snippet":"max-snippet:-1","max-image-preview":"max-image-preview:large","max-video-preview":"max-video-preview:-1"},"canonical":"https:\/\/nouyadjamassociates.com\/fr\/mr-nouyadjam-t-jean-jacques-2\/","og_locale":"fr_FR","og_type":"article","og_title":"Mr Nouyadjam T. Jean Jacques - Nouyadjam &amp; Associates","og_description":"Esquire Mail: nouyadjam@gmail.com Num\u00e9ro Fixe: +237 697 33 07 85 Barrister NOUYADJAM TCHOKOSSI Jean Jacques is a Lawyer of the Cameroon Bar Association. He is also a trainer and arbitrator. His membership in other local and internationally renowned associations, opens up the firm to an expand network of quality correspondents.\u00a0 \u00a0He happens to be a [&hellip;]","og_url":"https:\/\/nouyadjamassociates.com\/fr\/mr-nouyadjam-t-jean-jacques-2\/","og_site_name":"Nouyadjam &amp; Associates","article_modified_time":"2023-05-12T16:30:31+00:00","og_image":[{"url":"https:\/\/nouyadjamassociates.com\/wp-content\/uploads\/2023\/04\/98013794_126370629063772_8570101687157522432_n.jpg"}],"twitter_misc":{"Dur\u00e9e de lecture estim\u00e9e":"2 minutes"},"schema":{"@context":"https:\/\/schema.org","@graph":[{"@type":"WebPage","@id":"https:\/\/nouyadjamassociates.com\/mr-nouyadjam-t-jean-jacques-2\/","url":"https:\/\/nouyadjamassociates.com\/mr-nouyadjam-t-jean-jacques-2\/","name":"Mr Nouyadjam T. Jean Jacques - Nouyadjam &amp; Associates","isPartOf":{"@id":"https:\/\/nouyadjamassociates.com\/#website"},"datePublished":"2023-05-09T12:50:49+00:00","dateModified":"2023-05-12T16:30:31+00:00","breadcrumb":{"@id":"https:\/\/nouyadjamassociates.com\/mr-nouyadjam-t-jean-jacques-2\/#breadcrumb"},"inLanguage":"fr-FR","potentialAction":[{"@type":"ReadAction","target":["https:\/\/nouyadjamassociates.com\/mr-nouyadjam-t-jean-jacques-2\/"]}]},{"@type":"BreadcrumbList","@id":"https:\/\/nouyadjamassociates.com\/mr-nouyadjam-t-jean-jacques-2\/#breadcrumb","itemListElement":[{"@type":"ListItem","position":1,"name":"Mr Nouyadjam T. Jean Jacques"}]},{"@type":"WebSite","@id":"https:\/\/nouyadjamassociates.com\/#website","url":"https:\/\/nouyadjamassociates.com\/","name":"Nouyadjam &amp; Associates","description":"","publisher":{"@id":"https:\/\/nouyadjamassociates.com\/#organization"},"potentialAction":[{"@type":"SearchAction","target":{"@type":"EntryPoint","urlTemplate":"https:\/\/nouyadjamassociates.com\/?s={search_term_string}"},"query-input":"required name=search_term_string"}],"inLanguage":"fr-FR"},{"@type":"Organization","@id":"https:\/\/nouyadjamassociates.com\/#organization","name":"Nouyadjam &amp; Associates","url":"https:\/\/nouyadjamassociates.com\/","sameAs":[],"logo":{"@type":"ImageObject","inLanguage":"fr-FR","@id":"https:\/\/nouyadjamassociates.com\/#\/schema\/logo\/image\/","url":"https:\/\/nouyadjamassociates.com\/wp-content\/uploads\/2023\/04\/cropped-logo-blue_0.png","contentUrl":"https:\/\/nouyadjamassociates.com\/wp-content\/uploads\/2023\/04\/cropped-logo-blue_0.png","width":384,"height":250,"caption":"Nouyadjam &amp; Associates"},"image":{"@id":"https:\/\/nouyadjamassociates.com\/#\/schema\/logo\/image\/"}}]}},"_links":{"self":[{"href":"https:\/\/nouyadjamassociates.com\/fr\/wp-json\/wp\/v2\/pages\/1982","targetHints":{"allow":["GET"]}}],"collection":[{"href":"https:\/\/nouyadjamassociates.com\/fr\/wp-json\/wp\/v2\/pages"}],"about":[{"href":"https:\/\/nouyadjamassociates.com\/fr\/wp-json\/wp\/v2\/types\/page"}],"author":[{"embeddable":true,"href":"https:\/\/nouyadjamassociates.com\/fr\/wp-json\/wp\/v2\/users\/1"}],"replies":[{"embeddable":true,"href":"https:\/\/nouyadjamassociates.com\/fr\/wp-json\/wp\/v2\/comments?post=1982"}],"version-history":[{"count":16,"href":"https:\/\/nouyadjamassociates.com\/fr\/wp-json\/wp\/v2\/pages\/1982\/revisions"}],"predecessor-version":[{"id":2310,"href":"https:\/\/nouyadjamassociates.com\/fr\/wp-json\/wp\/v2\/pages\/1982\/revisions\/2310"}],"wp:attachment":[{"href":"https:\/\/nouyadjamassociates.com\/fr\/wp-json\/wp\/v2\/media?parent=1982"}],"curies":[{"name":"wp","href":"https:\/\/api.w.org\/{rel}","templated":true}]}}