{"id":1975,"date":"2023-05-09T13:44:34","date_gmt":"2023-05-09T12:44:34","guid":{"rendered":"https:\/\/nouyadjamassociates.com\/?page_id=1975"},"modified":"2023-05-12T17:39:29","modified_gmt":"2023-05-12T16:39:29","slug":"awana-alima-claude-william","status":"publish","type":"page","link":"https:\/\/nouyadjamassociates.com\/fr\/awana-alima-claude-william\/","title":{"rendered":"AWANA ALIMA Claude William"},"content":{"rendered":"<div data-elementor-type=\"wp-page\" data-elementor-id=\"1975\" class=\"elementor elementor-1975\">\n\t\t\t\t\t\t<div class=\"elementor-inner\">\n\t\t\t\t<div class=\"elementor-section-wrap\">\n\t\t\t\t\t\t\t\t\t<section class=\"elementor-section elementor-top-section elementor-element elementor-element-34cbf18 elementor-section-boxed elementor-section-height-default elementor-section-height-default\" data-id=\"34cbf18\" data-element_type=\"section\">\n\t\t\t\t\t\t<div class=\"elementor-container elementor-column-gap-default\">\n\t\t\t\t\t\t\t<div class=\"elementor-row\">\n\t\t\t\t\t<div class=\"elementor-column elementor-col-100 elementor-top-column elementor-element elementor-element-a48b498\" data-id=\"a48b498\" data-element_type=\"column\">\n\t\t\t<div class=\"elementor-column-wrap elementor-element-populated\">\n\t\t\t\t\t\t\t<div class=\"elementor-widget-wrap\">\n\t\t\t\t\t\t<div class=\"elementor-element elementor-element-4abe9e0 elementor-widget elementor-widget-image\" data-id=\"4abe9e0\" data-element_type=\"widget\" data-widget_type=\"image.default\">\n\t\t\t\t<div class=\"elementor-widget-container\">\n\t\t\t\t\t\t\t\t<div class=\"elementor-image\">\n\t\t\t\t\t\t\t\t\t\t\t\t<img loading=\"lazy\" decoding=\"async\" width=\"499\" height=\"642\" src=\"https:\/\/nouyadjamassociates.com\/wp-content\/uploads\/2023\/04\/313961704_490022329815406_5986410596348126101_n-e1682331608807.jpg\" class=\"attachment-2048x2048 size-2048x2048 wp-image-828\" alt=\"\" srcset=\"https:\/\/nouyadjamassociates.com\/wp-content\/uploads\/2023\/04\/313961704_490022329815406_5986410596348126101_n-e1682331608807.jpg 499w, https:\/\/nouyadjamassociates.com\/wp-content\/uploads\/2023\/04\/313961704_490022329815406_5986410596348126101_n-e1682331608807-233x300.jpg 233w, https:\/\/nouyadjamassociates.com\/wp-content\/uploads\/2023\/04\/313961704_490022329815406_5986410596348126101_n-e1682331608807-9x12.jpg 9w\" sizes=\"auto, (max-width: 499px) 100vw, 499px\" \/>\t\t\t\t\t\t\t\t\t\t\t\t\t\t<\/div>\n\t\t\t\t\t\t<\/div>\n\t\t\t\t<\/div>\n\t\t\t\t\t\t<\/div>\n\t\t\t\t\t<\/div>\n\t\t<\/div>\n\t\t\t\t\t\t\t\t<\/div>\n\t\t\t\t\t<\/div>\n\t\t<\/section>\n\t\t\t\t<section class=\"elementor-section elementor-top-section elementor-element elementor-element-7802c96 elementor-section-boxed elementor-section-height-default elementor-section-height-default\" data-id=\"7802c96\" data-element_type=\"section\" id=\"section-details\">\n\t\t\t\t\t\t<div class=\"elementor-container elementor-column-gap-default\">\n\t\t\t\t\t\t\t<div class=\"elementor-row\">\n\t\t\t\t\t<div class=\"elementor-column elementor-col-100 elementor-top-column elementor-element elementor-element-bfc2f69\" data-id=\"bfc2f69\" data-element_type=\"column\">\n\t\t\t<div class=\"elementor-column-wrap elementor-element-populated\">\n\t\t\t\t\t\t\t<div class=\"elementor-widget-wrap\">\n\t\t\t\t\t\t<div class=\"elementor-element elementor-element-18bd047 elementor-widget elementor-widget-text-editor\" data-id=\"18bd047\" data-element_type=\"widget\" data-widget_type=\"text-editor.default\">\n\t\t\t\t<div class=\"elementor-widget-container\">\n\t\t\t\t\t\t\t\t<div class=\"elementor-text-editor elementor-clearfix\">\n\t\t\t\t<h4>Jurist<\/h4><p>M. AWANA ALIMA est un jeune juriste, titulaire d\u2019un Master I obtenu \u00e0 l\u2019Universit\u00e9 de Yaound\u00e9 II.  Il se passionne pour le droit financier et le droit du sport.  Il a effectu\u00e9 des stages de formation au sein de soci\u00e9t\u00e9s de renom telles que la BEAC et la BICEC, il a rejoint l\u2019\u00e9quipe du Cabinet NOUYADJAM &amp; Associates en Septembre 2022 en qualit\u00e9 de juriste.<br \/>Il s\u2019exprime couramment en fran\u00e7ais et pratique sur le plan professionnel l\u2019anglais.<\/p>\t\t\t\t\t<\/div>\n\t\t\t\t\t\t<\/div>\n\t\t\t\t<\/div>\n\t\t\t\t\t\t<\/div>\n\t\t\t\t\t<\/div>\n\t\t<\/div>\n\t\t\t\t\t\t\t\t<\/div>\n\t\t\t\t\t<\/div>\n\t\t<\/section>\n\t\t\t\t<section class=\"elementor-section elementor-top-section elementor-element elementor-element-43b4120 elementor-section-boxed elementor-section-height-default elementor-section-height-default\" data-id=\"43b4120\" data-element_type=\"section\">\n\t\t\t\t\t\t<div class=\"elementor-container elementor-column-gap-default\">\n\t\t\t\t\t\t\t<div class=\"elementor-row\">\n\t\t\t\t\t<div class=\"elementor-column elementor-col-100 elementor-top-column elementor-element elementor-element-b94624d\" data-id=\"b94624d\" data-element_type=\"column\">\n\t\t\t<div class=\"elementor-column-wrap elementor-element-populated\">\n\t\t\t\t\t\t\t<div class=\"elementor-widget-wrap\">\n\t\t\t\t\t\t<div class=\"elementor-element elementor-element-04722b7 elementor-shape-circle e-grid-align-left elementor-grid-0 elementor-widget elementor-widget-social-icons\" data-id=\"04722b7\" data-element_type=\"widget\" data-widget_type=\"social-icons.default\">\n\t\t\t\t<div class=\"elementor-widget-container\">\n\t\t\t\t\t<div class=\"elementor-social-icons-wrapper elementor-grid\">\n\t\t\t\t\t\t\t<span class=\"elementor-grid-item\">\n\t\t\t\t\t<a class=\"elementor-icon elementor-social-icon elementor-social-icon-facebook elementor-repeater-item-9ed6213\" target=\"_blank\">\n\t\t\t\t\t\t<span class=\"elementor-screen-only\">Facebook<\/span>\n\t\t\t\t\t\t<i class=\"fab fa-facebook\"><\/i>\t\t\t\t\t<\/a>\n\t\t\t\t<\/span>\n\t\t\t\t\t\t\t<span class=\"elementor-grid-item\">\n\t\t\t\t\t<a class=\"elementor-icon elementor-social-icon elementor-social-icon-twitter elementor-repeater-item-fc3c16c\" target=\"_blank\">\n\t\t\t\t\t\t<span class=\"elementor-screen-only\">Twitter<\/span>\n\t\t\t\t\t\t<i class=\"fab fa-twitter\"><\/i>\t\t\t\t\t<\/a>\n\t\t\t\t<\/span>\n\t\t\t\t\t\t\t<span class=\"elementor-grid-item\">\n\t\t\t\t\t<a class=\"elementor-icon elementor-social-icon elementor-social-icon-youtube elementor-repeater-item-233bb48\" target=\"_blank\">\n\t\t\t\t\t\t<span class=\"elementor-screen-only\">Youtube<\/span>\n\t\t\t\t\t\t<i class=\"fab fa-youtube\"><\/i>\t\t\t\t\t<\/a>\n\t\t\t\t<\/span>\n\t\t\t\t\t<\/div>\n\t\t\t\t<\/div>\n\t\t\t\t<\/div>\n\t\t\t\t\t\t<\/div>\n\t\t\t\t\t<\/div>\n\t\t<\/div>\n\t\t\t\t\t\t\t\t<\/div>\n\t\t\t\t\t<\/div>\n\t\t<\/section>\n\t\t\t\t\t\t\t\t\t<\/div>\n\t\t\t<\/div>\n\t\t\t\t\t<\/div>","protected":false},"excerpt":{"rendered":"<p>Jurist Mr. AWANA ALIMA is a young jurist. He holds a Master 1 from the University of Yaound\u00e9 II. He is passionate about financial law and sports law. He has completed trainings in renowned companies such as BEAC and BICEC. In September 2022, Mr. ALIMA has joined the law firm NOUYADJAM &amp; Associates.He is fluent [&hellip;]<\/p>","protected":false},"author":1,"featured_media":0,"parent":0,"menu_order":0,"comment_status":"closed","ping_status":"closed","template":"","meta":{"_themeisle_gutenberg_block_has_review":false,"footnotes":""},"class_list":["post-1975","page","type-page","status-publish","hentry"],"yoast_head":"<!-- This site is optimized with the Yoast SEO plugin v19.7.1 - https:\/\/yoast.com\/wordpress\/plugins\/seo\/ -->\n<title>AWANA ALIMA Claude William - Nouyadjam &amp; Associates<\/title>\n<meta name=\"robots\" content=\"index, follow, max-snippet:-1, max-image-preview:large, max-video-preview:-1\" \/>\n<link rel=\"canonical\" href=\"https:\/\/nouyadjamassociates.com\/fr\/awana-alima-claude-william\/\" \/>\n<meta property=\"og:locale\" content=\"fr_FR\" \/>\n<meta property=\"og:type\" content=\"article\" \/>\n<meta property=\"og:title\" content=\"AWANA ALIMA Claude William - Nouyadjam &amp; Associates\" \/>\n<meta property=\"og:description\" content=\"Jurist Mr. AWANA ALIMA is a young jurist. He holds a Master 1 from the University of Yaound\u00e9 II. He is passionate about financial law and sports law. He has completed trainings in renowned companies such as BEAC and BICEC. In September 2022, Mr. ALIMA has joined the law firm NOUYADJAM &amp; Associates.He is fluent [&hellip;]\" \/>\n<meta property=\"og:url\" content=\"https:\/\/nouyadjamassociates.com\/fr\/awana-alima-claude-william\/\" \/>\n<meta property=\"og:site_name\" content=\"Nouyadjam &amp; Associates\" \/>\n<meta property=\"article:modified_time\" content=\"2023-05-12T16:39:29+00:00\" \/>\n<meta property=\"og:image\" content=\"https:\/\/nouyadjamassociates.com\/wp-content\/uploads\/2023\/04\/313961704_490022329815406_5986410596348126101_n-e1682331608807.jpg\" \/>\n<script type=\"application\/ld+json\" class=\"yoast-schema-graph\">{\"@context\":\"https:\/\/schema.org\",\"@graph\":[{\"@type\":\"WebPage\",\"@id\":\"https:\/\/nouyadjamassociates.com\/awana-alima-claude-william\/\",\"url\":\"https:\/\/nouyadjamassociates.com\/awana-alima-claude-william\/\",\"name\":\"AWANA ALIMA Claude William - Nouyadjam &amp; Associates\",\"isPartOf\":{\"@id\":\"https:\/\/nouyadjamassociates.com\/#website\"},\"datePublished\":\"2023-05-09T12:44:34+00:00\",\"dateModified\":\"2023-05-12T16:39:29+00:00\",\"breadcrumb\":{\"@id\":\"https:\/\/nouyadjamassociates.com\/awana-alima-claude-william\/#breadcrumb\"},\"inLanguage\":\"fr-FR\",\"potentialAction\":[{\"@type\":\"ReadAction\",\"target\":[\"https:\/\/nouyadjamassociates.com\/awana-alima-claude-william\/\"]}]},{\"@type\":\"BreadcrumbList\",\"@id\":\"https:\/\/nouyadjamassociates.com\/awana-alima-claude-william\/#breadcrumb\",\"itemListElement\":[{\"@type\":\"ListItem\",\"position\":1,\"name\":\"AWANA ALIMA Claude William\"}]},{\"@type\":\"WebSite\",\"@id\":\"https:\/\/nouyadjamassociates.com\/#website\",\"url\":\"https:\/\/nouyadjamassociates.com\/\",\"name\":\"Nouyadjam &amp; Associates\",\"description\":\"\",\"publisher\":{\"@id\":\"https:\/\/nouyadjamassociates.com\/#organization\"},\"potentialAction\":[{\"@type\":\"SearchAction\",\"target\":{\"@type\":\"EntryPoint\",\"urlTemplate\":\"https:\/\/nouyadjamassociates.com\/?s={search_term_string}\"},\"query-input\":\"required name=search_term_string\"}],\"inLanguage\":\"fr-FR\"},{\"@type\":\"Organization\",\"@id\":\"https:\/\/nouyadjamassociates.com\/#organization\",\"name\":\"Nouyadjam &amp; Associates\",\"url\":\"https:\/\/nouyadjamassociates.com\/\",\"sameAs\":[],\"logo\":{\"@type\":\"ImageObject\",\"inLanguage\":\"fr-FR\",\"@id\":\"https:\/\/nouyadjamassociates.com\/#\/schema\/logo\/image\/\",\"url\":\"https:\/\/nouyadjamassociates.com\/wp-content\/uploads\/2023\/04\/cropped-logo-blue_0.png\",\"contentUrl\":\"https:\/\/nouyadjamassociates.com\/wp-content\/uploads\/2023\/04\/cropped-logo-blue_0.png\",\"width\":384,\"height\":250,\"caption\":\"Nouyadjam &amp; Associates\"},\"image\":{\"@id\":\"https:\/\/nouyadjamassociates.com\/#\/schema\/logo\/image\/\"}}]}<\/script>\n<!-- \/ Yoast SEO plugin. -->","yoast_head_json":{"title":"AWANA ALIMA Claude William - Nouyadjam &amp; Associates","robots":{"index":"index","follow":"follow","max-snippet":"max-snippet:-1","max-image-preview":"max-image-preview:large","max-video-preview":"max-video-preview:-1"},"canonical":"https:\/\/nouyadjamassociates.com\/fr\/awana-alima-claude-william\/","og_locale":"fr_FR","og_type":"article","og_title":"AWANA ALIMA Claude William - Nouyadjam &amp; Associates","og_description":"Jurist Mr. AWANA ALIMA is a young jurist. He holds a Master 1 from the University of Yaound\u00e9 II. He is passionate about financial law and sports law. He has completed trainings in renowned companies such as BEAC and BICEC. In September 2022, Mr. ALIMA has joined the law firm NOUYADJAM &amp; Associates.He is fluent [&hellip;]","og_url":"https:\/\/nouyadjamassociates.com\/fr\/awana-alima-claude-william\/","og_site_name":"Nouyadjam &amp; Associates","article_modified_time":"2023-05-12T16:39:29+00:00","og_image":[{"url":"https:\/\/nouyadjamassociates.com\/wp-content\/uploads\/2023\/04\/313961704_490022329815406_5986410596348126101_n-e1682331608807.jpg"}],"schema":{"@context":"https:\/\/schema.org","@graph":[{"@type":"WebPage","@id":"https:\/\/nouyadjamassociates.com\/awana-alima-claude-william\/","url":"https:\/\/nouyadjamassociates.com\/awana-alima-claude-william\/","name":"AWANA ALIMA Claude William - Nouyadjam &amp; Associates","isPartOf":{"@id":"https:\/\/nouyadjamassociates.com\/#website"},"datePublished":"2023-05-09T12:44:34+00:00","dateModified":"2023-05-12T16:39:29+00:00","breadcrumb":{"@id":"https:\/\/nouyadjamassociates.com\/awana-alima-claude-william\/#breadcrumb"},"inLanguage":"fr-FR","potentialAction":[{"@type":"ReadAction","target":["https:\/\/nouyadjamassociates.com\/awana-alima-claude-william\/"]}]},{"@type":"BreadcrumbList","@id":"https:\/\/nouyadjamassociates.com\/awana-alima-claude-william\/#breadcrumb","itemListElement":[{"@type":"ListItem","position":1,"name":"AWANA ALIMA Claude William"}]},{"@type":"WebSite","@id":"https:\/\/nouyadjamassociates.com\/#website","url":"https:\/\/nouyadjamassociates.com\/","name":"Nouyadjam &amp; Associates","description":"","publisher":{"@id":"https:\/\/nouyadjamassociates.com\/#organization"},"potentialAction":[{"@type":"SearchAction","target":{"@type":"EntryPoint","urlTemplate":"https:\/\/nouyadjamassociates.com\/?s={search_term_string}"},"query-input":"required name=search_term_string"}],"inLanguage":"fr-FR"},{"@type":"Organization","@id":"https:\/\/nouyadjamassociates.com\/#organization","name":"Nouyadjam &amp; Associates","url":"https:\/\/nouyadjamassociates.com\/","sameAs":[],"logo":{"@type":"ImageObject","inLanguage":"fr-FR","@id":"https:\/\/nouyadjamassociates.com\/#\/schema\/logo\/image\/","url":"https:\/\/nouyadjamassociates.com\/wp-content\/uploads\/2023\/04\/cropped-logo-blue_0.png","contentUrl":"https:\/\/nouyadjamassociates.com\/wp-content\/uploads\/2023\/04\/cropped-logo-blue_0.png","width":384,"height":250,"caption":"Nouyadjam &amp; Associates"},"image":{"@id":"https:\/\/nouyadjamassociates.com\/#\/schema\/logo\/image\/"}}]}},"_links":{"self":[{"href":"https:\/\/nouyadjamassociates.com\/fr\/wp-json\/wp\/v2\/pages\/1975","targetHints":{"allow":["GET"]}}],"collection":[{"href":"https:\/\/nouyadjamassociates.com\/fr\/wp-json\/wp\/v2\/pages"}],"about":[{"href":"https:\/\/nouyadjamassociates.com\/fr\/wp-json\/wp\/v2\/types\/page"}],"author":[{"embeddable":true,"href":"https:\/\/nouyadjamassociates.com\/fr\/wp-json\/wp\/v2\/users\/1"}],"replies":[{"embeddable":true,"href":"https:\/\/nouyadjamassociates.com\/fr\/wp-json\/wp\/v2\/comments?post=1975"}],"version-history":[{"count":11,"href":"https:\/\/nouyadjamassociates.com\/fr\/wp-json\/wp\/v2\/pages\/1975\/revisions"}],"predecessor-version":[{"id":2328,"href":"https:\/\/nouyadjamassociates.com\/fr\/wp-json\/wp\/v2\/pages\/1975\/revisions\/2328"}],"wp:attachment":[{"href":"https:\/\/nouyadjamassociates.com\/fr\/wp-json\/wp\/v2\/media?parent=1975"}],"curies":[{"name":"wp","href":"https:\/\/api.w.org\/{rel}","templated":true}]}}