{"id":1971,"date":"2023-05-09T13:43:06","date_gmt":"2023-05-09T12:43:06","guid":{"rendered":"https:\/\/nouyadjamassociates.com\/?page_id=1971"},"modified":"2023-05-12T17:29:01","modified_gmt":"2023-05-12T16:29:01","slug":"diagha-bekoula-messanga","status":"publish","type":"page","link":"https:\/\/nouyadjamassociates.com\/fr\/diagha-bekoula-messanga\/","title":{"rendered":"DIAGHA BEKOULA MESSANGA"},"content":{"rendered":"<div data-elementor-type=\"wp-page\" data-elementor-id=\"1971\" class=\"elementor elementor-1971\">\n\t\t\t\t\t\t<div class=\"elementor-inner\">\n\t\t\t\t<div class=\"elementor-section-wrap\">\n\t\t\t\t\t\t\t\t\t<section class=\"elementor-section elementor-top-section elementor-element elementor-element-34cbf18 elementor-section-boxed elementor-section-height-default elementor-section-height-default\" data-id=\"34cbf18\" data-element_type=\"section\">\n\t\t\t\t\t\t<div class=\"elementor-container elementor-column-gap-default\">\n\t\t\t\t\t\t\t<div class=\"elementor-row\">\n\t\t\t\t\t<div class=\"elementor-column elementor-col-100 elementor-top-column elementor-element elementor-element-a48b498\" data-id=\"a48b498\" data-element_type=\"column\">\n\t\t\t<div class=\"elementor-column-wrap elementor-element-populated\">\n\t\t\t\t\t\t\t<div class=\"elementor-widget-wrap\">\n\t\t\t\t\t\t<div class=\"elementor-element elementor-element-4abe9e0 elementor-widget elementor-widget-image\" data-id=\"4abe9e0\" data-element_type=\"widget\" data-widget_type=\"image.default\">\n\t\t\t\t<div class=\"elementor-widget-container\">\n\t\t\t\t\t\t\t\t<div class=\"elementor-image\">\n\t\t\t\t\t\t\t\t\t\t\t\t<img loading=\"lazy\" decoding=\"async\" width=\"1080\" height=\"1080\" src=\"https:\/\/nouyadjamassociates.com\/wp-content\/uploads\/2023\/04\/312051948_487638693387103_6648435152972167486_n.jpg\" class=\"attachment-2048x2048 size-2048x2048 wp-image-826\" alt=\"\" srcset=\"https:\/\/nouyadjamassociates.com\/wp-content\/uploads\/2023\/04\/312051948_487638693387103_6648435152972167486_n.jpg 1080w, https:\/\/nouyadjamassociates.com\/wp-content\/uploads\/2023\/04\/312051948_487638693387103_6648435152972167486_n-300x300.jpg 300w, https:\/\/nouyadjamassociates.com\/wp-content\/uploads\/2023\/04\/312051948_487638693387103_6648435152972167486_n-1024x1024.jpg 1024w, https:\/\/nouyadjamassociates.com\/wp-content\/uploads\/2023\/04\/312051948_487638693387103_6648435152972167486_n-150x150.jpg 150w, https:\/\/nouyadjamassociates.com\/wp-content\/uploads\/2023\/04\/312051948_487638693387103_6648435152972167486_n-768x768.jpg 768w, https:\/\/nouyadjamassociates.com\/wp-content\/uploads\/2023\/04\/312051948_487638693387103_6648435152972167486_n-80x80.jpg 80w\" sizes=\"auto, (max-width: 1080px) 100vw, 1080px\" \/>\t\t\t\t\t\t\t\t\t\t\t\t\t\t<\/div>\n\t\t\t\t\t\t<\/div>\n\t\t\t\t<\/div>\n\t\t\t\t\t\t<\/div>\n\t\t\t\t\t<\/div>\n\t\t<\/div>\n\t\t\t\t\t\t\t\t<\/div>\n\t\t\t\t\t<\/div>\n\t\t<\/section>\n\t\t\t\t<section class=\"elementor-section elementor-top-section elementor-element elementor-element-7802c96 elementor-section-boxed elementor-section-height-default elementor-section-height-default\" data-id=\"7802c96\" data-element_type=\"section\" id=\"section-details\">\n\t\t\t\t\t\t<div class=\"elementor-container elementor-column-gap-default\">\n\t\t\t\t\t\t\t<div class=\"elementor-row\">\n\t\t\t\t\t<div class=\"elementor-column elementor-col-100 elementor-top-column elementor-element elementor-element-bfc2f69\" data-id=\"bfc2f69\" data-element_type=\"column\">\n\t\t\t<div class=\"elementor-column-wrap elementor-element-populated\">\n\t\t\t\t\t\t\t<div class=\"elementor-widget-wrap\">\n\t\t\t\t\t\t<div class=\"elementor-element elementor-element-18bd047 elementor-widget elementor-widget-text-editor\" data-id=\"18bd047\" data-element_type=\"widget\" data-widget_type=\"text-editor.default\">\n\t\t\t\t<div class=\"elementor-widget-container\">\n\t\t\t\t\t\t\t\t<div class=\"elementor-text-editor elementor-clearfix\">\n\t\t\t\t<h4>Esquire<\/h4><p>.<br \/>Titulaire d\u2019une Maitrise en Droit Priv\u00e9 Fondamental \u00e0 l\u2019Universit\u00e9 de Yaound\u00e9 2, Me BEKOULA est diplom\u00e9 de la Nigerian Law School au sein de laquelle il obtient son dipl\u00f4me de Barrister &amp; Sollicitor.<\/p><p>Il pr\u00eate serment en avril 2021 au Barreau du Cameroun et rejoint en septembre 2022 le Cabinet d\u2019Avocats NOUYADJAM &amp; Associates.<\/p><p>Ses domaines de sp\u00e9cialit\u00e9 sont le droit commercial g\u00e9n\u00e9ral, le droit civil et le droit du sport.<\/p><p>Me BEKOULA Il est aussi membre de diverses associations et regroupements notamment la Common Law Lawyers Association Yaound\u00e9 et Commission nationale des recours de la F\u00e9d\u00e9ration Camerounaise de cyclisme .<\/p><p>Il s\u2019exprime couramment en fran\u00e7ais et en anglais et pratique sur le plan professionnel les deux langues.<\/p>\t\t\t\t\t<\/div>\n\t\t\t\t\t\t<\/div>\n\t\t\t\t<\/div>\n\t\t\t\t\t\t<\/div>\n\t\t\t\t\t<\/div>\n\t\t<\/div>\n\t\t\t\t\t\t\t\t<\/div>\n\t\t\t\t\t<\/div>\n\t\t<\/section>\n\t\t\t\t<section class=\"elementor-section elementor-top-section elementor-element elementor-element-43b4120 elementor-section-boxed elementor-section-height-default elementor-section-height-default\" data-id=\"43b4120\" data-element_type=\"section\">\n\t\t\t\t\t\t<div class=\"elementor-container elementor-column-gap-default\">\n\t\t\t\t\t\t\t<div class=\"elementor-row\">\n\t\t\t\t\t<div class=\"elementor-column elementor-col-100 elementor-top-column elementor-element elementor-element-b94624d\" data-id=\"b94624d\" data-element_type=\"column\">\n\t\t\t<div class=\"elementor-column-wrap elementor-element-populated\">\n\t\t\t\t\t\t\t<div class=\"elementor-widget-wrap\">\n\t\t\t\t\t\t<div class=\"elementor-element elementor-element-04722b7 elementor-shape-circle e-grid-align-left elementor-grid-0 elementor-widget elementor-widget-social-icons\" data-id=\"04722b7\" data-element_type=\"widget\" data-widget_type=\"social-icons.default\">\n\t\t\t\t<div class=\"elementor-widget-container\">\n\t\t\t\t\t<div class=\"elementor-social-icons-wrapper elementor-grid\">\n\t\t\t\t\t\t\t<span class=\"elementor-grid-item\">\n\t\t\t\t\t<a class=\"elementor-icon elementor-social-icon elementor-social-icon-facebook elementor-repeater-item-9ed6213\" target=\"_blank\">\n\t\t\t\t\t\t<span class=\"elementor-screen-only\">Facebook<\/span>\n\t\t\t\t\t\t<i class=\"fab fa-facebook\"><\/i>\t\t\t\t\t<\/a>\n\t\t\t\t<\/span>\n\t\t\t\t\t\t\t<span class=\"elementor-grid-item\">\n\t\t\t\t\t<a class=\"elementor-icon elementor-social-icon elementor-social-icon-twitter elementor-repeater-item-fc3c16c\" target=\"_blank\">\n\t\t\t\t\t\t<span class=\"elementor-screen-only\">Twitter<\/span>\n\t\t\t\t\t\t<i class=\"fab fa-twitter\"><\/i>\t\t\t\t\t<\/a>\n\t\t\t\t<\/span>\n\t\t\t\t\t\t\t<span class=\"elementor-grid-item\">\n\t\t\t\t\t<a class=\"elementor-icon elementor-social-icon elementor-social-icon-youtube elementor-repeater-item-233bb48\" target=\"_blank\">\n\t\t\t\t\t\t<span class=\"elementor-screen-only\">Youtube<\/span>\n\t\t\t\t\t\t<i class=\"fab fa-youtube\"><\/i>\t\t\t\t\t<\/a>\n\t\t\t\t<\/span>\n\t\t\t\t\t<\/div>\n\t\t\t\t<\/div>\n\t\t\t\t<\/div>\n\t\t\t\t\t\t<\/div>\n\t\t\t\t\t<\/div>\n\t\t<\/div>\n\t\t\t\t\t\t\t\t<\/div>\n\t\t\t\t\t<\/div>\n\t\t<\/section>\n\t\t\t\t\t\t\t\t\t<\/div>\n\t\t\t<\/div>\n\t\t\t\t\t<\/div>","protected":false},"excerpt":{"rendered":"<p>Esquire Member of the Cameroon Bar AssociationHolder of a Master\u2019s 1 in Private Law from the University of Yaound\u00e9 II, Barrister BEKOULA is a graduate of the Nigerian Law School where he obtained his diploma as Barrister &amp; Solicitor. He was called to the Cameroon Bar in April 2021 and joined NOUYADJAM &amp; Associates Law [&hellip;]<\/p>","protected":false},"author":1,"featured_media":0,"parent":0,"menu_order":0,"comment_status":"closed","ping_status":"closed","template":"","meta":{"_themeisle_gutenberg_block_has_review":false,"footnotes":""},"class_list":["post-1971","page","type-page","status-publish","hentry"],"yoast_head":"<!-- This site is optimized with the Yoast SEO plugin v19.7.1 - https:\/\/yoast.com\/wordpress\/plugins\/seo\/ -->\n<title>DIAGHA BEKOULA MESSANGA - Nouyadjam &amp; Associates<\/title>\n<meta name=\"robots\" content=\"index, follow, max-snippet:-1, max-image-preview:large, max-video-preview:-1\" \/>\n<link rel=\"canonical\" href=\"https:\/\/nouyadjamassociates.com\/fr\/diagha-bekoula-messanga\/\" \/>\n<meta property=\"og:locale\" content=\"fr_FR\" \/>\n<meta property=\"og:type\" content=\"article\" \/>\n<meta property=\"og:title\" content=\"DIAGHA BEKOULA MESSANGA - Nouyadjam &amp; Associates\" \/>\n<meta property=\"og:description\" content=\"Esquire Member of the Cameroon Bar AssociationHolder of a Master\u2019s 1 in Private Law from the University of Yaound\u00e9 II, Barrister BEKOULA is a graduate of the Nigerian Law School where he obtained his diploma as Barrister &amp; Solicitor. He was called to the Cameroon Bar in April 2021 and joined NOUYADJAM &amp; Associates Law [&hellip;]\" \/>\n<meta property=\"og:url\" content=\"https:\/\/nouyadjamassociates.com\/fr\/diagha-bekoula-messanga\/\" \/>\n<meta property=\"og:site_name\" content=\"Nouyadjam &amp; Associates\" \/>\n<meta property=\"article:modified_time\" content=\"2023-05-12T16:29:01+00:00\" \/>\n<meta property=\"og:image\" content=\"https:\/\/nouyadjamassociates.com\/wp-content\/uploads\/2023\/04\/312051948_487638693387103_6648435152972167486_n.jpg\" \/>\n<meta name=\"twitter:label1\" content=\"Dur\u00e9e de lecture estim\u00e9e\" \/>\n\t<meta name=\"twitter:data1\" content=\"1 minute\" \/>\n<script type=\"application\/ld+json\" class=\"yoast-schema-graph\">{\"@context\":\"https:\/\/schema.org\",\"@graph\":[{\"@type\":\"WebPage\",\"@id\":\"https:\/\/nouyadjamassociates.com\/diagha-bekoula-messanga\/\",\"url\":\"https:\/\/nouyadjamassociates.com\/diagha-bekoula-messanga\/\",\"name\":\"DIAGHA BEKOULA MESSANGA - Nouyadjam &amp; Associates\",\"isPartOf\":{\"@id\":\"https:\/\/nouyadjamassociates.com\/#website\"},\"datePublished\":\"2023-05-09T12:43:06+00:00\",\"dateModified\":\"2023-05-12T16:29:01+00:00\",\"breadcrumb\":{\"@id\":\"https:\/\/nouyadjamassociates.com\/diagha-bekoula-messanga\/#breadcrumb\"},\"inLanguage\":\"fr-FR\",\"potentialAction\":[{\"@type\":\"ReadAction\",\"target\":[\"https:\/\/nouyadjamassociates.com\/diagha-bekoula-messanga\/\"]}]},{\"@type\":\"BreadcrumbList\",\"@id\":\"https:\/\/nouyadjamassociates.com\/diagha-bekoula-messanga\/#breadcrumb\",\"itemListElement\":[{\"@type\":\"ListItem\",\"position\":1,\"name\":\"DIAGHA BEKOULA MESSANGA\"}]},{\"@type\":\"WebSite\",\"@id\":\"https:\/\/nouyadjamassociates.com\/#website\",\"url\":\"https:\/\/nouyadjamassociates.com\/\",\"name\":\"Nouyadjam &amp; Associates\",\"description\":\"\",\"publisher\":{\"@id\":\"https:\/\/nouyadjamassociates.com\/#organization\"},\"potentialAction\":[{\"@type\":\"SearchAction\",\"target\":{\"@type\":\"EntryPoint\",\"urlTemplate\":\"https:\/\/nouyadjamassociates.com\/?s={search_term_string}\"},\"query-input\":\"required name=search_term_string\"}],\"inLanguage\":\"fr-FR\"},{\"@type\":\"Organization\",\"@id\":\"https:\/\/nouyadjamassociates.com\/#organization\",\"name\":\"Nouyadjam &amp; Associates\",\"url\":\"https:\/\/nouyadjamassociates.com\/\",\"sameAs\":[],\"logo\":{\"@type\":\"ImageObject\",\"inLanguage\":\"fr-FR\",\"@id\":\"https:\/\/nouyadjamassociates.com\/#\/schema\/logo\/image\/\",\"url\":\"https:\/\/nouyadjamassociates.com\/wp-content\/uploads\/2023\/04\/cropped-logo-blue_0.png\",\"contentUrl\":\"https:\/\/nouyadjamassociates.com\/wp-content\/uploads\/2023\/04\/cropped-logo-blue_0.png\",\"width\":384,\"height\":250,\"caption\":\"Nouyadjam &amp; Associates\"},\"image\":{\"@id\":\"https:\/\/nouyadjamassociates.com\/#\/schema\/logo\/image\/\"}}]}<\/script>\n<!-- \/ Yoast SEO plugin. -->","yoast_head_json":{"title":"DIAGHA BEKOULA MESSANGA - Nouyadjam &amp; Associates","robots":{"index":"index","follow":"follow","max-snippet":"max-snippet:-1","max-image-preview":"max-image-preview:large","max-video-preview":"max-video-preview:-1"},"canonical":"https:\/\/nouyadjamassociates.com\/fr\/diagha-bekoula-messanga\/","og_locale":"fr_FR","og_type":"article","og_title":"DIAGHA BEKOULA MESSANGA - Nouyadjam &amp; Associates","og_description":"Esquire Member of the Cameroon Bar AssociationHolder of a Master\u2019s 1 in Private Law from the University of Yaound\u00e9 II, Barrister BEKOULA is a graduate of the Nigerian Law School where he obtained his diploma as Barrister &amp; Solicitor. He was called to the Cameroon Bar in April 2021 and joined NOUYADJAM &amp; Associates Law [&hellip;]","og_url":"https:\/\/nouyadjamassociates.com\/fr\/diagha-bekoula-messanga\/","og_site_name":"Nouyadjam &amp; Associates","article_modified_time":"2023-05-12T16:29:01+00:00","og_image":[{"url":"https:\/\/nouyadjamassociates.com\/wp-content\/uploads\/2023\/04\/312051948_487638693387103_6648435152972167486_n.jpg"}],"twitter_misc":{"Dur\u00e9e de lecture estim\u00e9e":"1 minute"},"schema":{"@context":"https:\/\/schema.org","@graph":[{"@type":"WebPage","@id":"https:\/\/nouyadjamassociates.com\/diagha-bekoula-messanga\/","url":"https:\/\/nouyadjamassociates.com\/diagha-bekoula-messanga\/","name":"DIAGHA BEKOULA MESSANGA - Nouyadjam &amp; Associates","isPartOf":{"@id":"https:\/\/nouyadjamassociates.com\/#website"},"datePublished":"2023-05-09T12:43:06+00:00","dateModified":"2023-05-12T16:29:01+00:00","breadcrumb":{"@id":"https:\/\/nouyadjamassociates.com\/diagha-bekoula-messanga\/#breadcrumb"},"inLanguage":"fr-FR","potentialAction":[{"@type":"ReadAction","target":["https:\/\/nouyadjamassociates.com\/diagha-bekoula-messanga\/"]}]},{"@type":"BreadcrumbList","@id":"https:\/\/nouyadjamassociates.com\/diagha-bekoula-messanga\/#breadcrumb","itemListElement":[{"@type":"ListItem","position":1,"name":"DIAGHA BEKOULA MESSANGA"}]},{"@type":"WebSite","@id":"https:\/\/nouyadjamassociates.com\/#website","url":"https:\/\/nouyadjamassociates.com\/","name":"Nouyadjam &amp; Associates","description":"","publisher":{"@id":"https:\/\/nouyadjamassociates.com\/#organization"},"potentialAction":[{"@type":"SearchAction","target":{"@type":"EntryPoint","urlTemplate":"https:\/\/nouyadjamassociates.com\/?s={search_term_string}"},"query-input":"required name=search_term_string"}],"inLanguage":"fr-FR"},{"@type":"Organization","@id":"https:\/\/nouyadjamassociates.com\/#organization","name":"Nouyadjam &amp; Associates","url":"https:\/\/nouyadjamassociates.com\/","sameAs":[],"logo":{"@type":"ImageObject","inLanguage":"fr-FR","@id":"https:\/\/nouyadjamassociates.com\/#\/schema\/logo\/image\/","url":"https:\/\/nouyadjamassociates.com\/wp-content\/uploads\/2023\/04\/cropped-logo-blue_0.png","contentUrl":"https:\/\/nouyadjamassociates.com\/wp-content\/uploads\/2023\/04\/cropped-logo-blue_0.png","width":384,"height":250,"caption":"Nouyadjam &amp; Associates"},"image":{"@id":"https:\/\/nouyadjamassociates.com\/#\/schema\/logo\/image\/"}}]}},"_links":{"self":[{"href":"https:\/\/nouyadjamassociates.com\/fr\/wp-json\/wp\/v2\/pages\/1971","targetHints":{"allow":["GET"]}}],"collection":[{"href":"https:\/\/nouyadjamassociates.com\/fr\/wp-json\/wp\/v2\/pages"}],"about":[{"href":"https:\/\/nouyadjamassociates.com\/fr\/wp-json\/wp\/v2\/types\/page"}],"author":[{"embeddable":true,"href":"https:\/\/nouyadjamassociates.com\/fr\/wp-json\/wp\/v2\/users\/1"}],"replies":[{"embeddable":true,"href":"https:\/\/nouyadjamassociates.com\/fr\/wp-json\/wp\/v2\/comments?post=1971"}],"version-history":[{"count":15,"href":"https:\/\/nouyadjamassociates.com\/fr\/wp-json\/wp\/v2\/pages\/1971\/revisions"}],"predecessor-version":[{"id":2307,"href":"https:\/\/nouyadjamassociates.com\/fr\/wp-json\/wp\/v2\/pages\/1971\/revisions\/2307"}],"wp:attachment":[{"href":"https:\/\/nouyadjamassociates.com\/fr\/wp-json\/wp\/v2\/media?parent=1971"}],"curies":[{"name":"wp","href":"https:\/\/api.w.org\/{rel}","templated":true}]}}