{"id":1952,"date":"2023-05-09T13:19:14","date_gmt":"2023-05-09T12:19:14","guid":{"rendered":"https:\/\/nouyadjamassociates.com\/?page_id=1952"},"modified":"2023-05-12T17:32:04","modified_gmt":"2023-05-12T16:32:04","slug":"djomo-epse-touko-l","status":"publish","type":"page","link":"https:\/\/nouyadjamassociates.com\/fr\/djomo-epse-touko-l\/","title":{"rendered":"DJOMO epse TOUKO L"},"content":{"rendered":"<div data-elementor-type=\"wp-page\" data-elementor-id=\"1952\" class=\"elementor elementor-1952\">\n\t\t\t\t\t\t<div class=\"elementor-inner\">\n\t\t\t\t<div class=\"elementor-section-wrap\">\n\t\t\t\t\t\t\t\t\t<section class=\"elementor-section elementor-top-section elementor-element elementor-element-34cbf18 elementor-section-boxed elementor-section-height-default elementor-section-height-default\" data-id=\"34cbf18\" data-element_type=\"section\">\n\t\t\t\t\t\t<div class=\"elementor-container elementor-column-gap-default\">\n\t\t\t\t\t\t\t<div class=\"elementor-row\">\n\t\t\t\t\t<div class=\"elementor-column elementor-col-100 elementor-top-column elementor-element elementor-element-a48b498\" data-id=\"a48b498\" data-element_type=\"column\">\n\t\t\t<div class=\"elementor-column-wrap elementor-element-populated\">\n\t\t\t\t\t\t\t<div class=\"elementor-widget-wrap\">\n\t\t\t\t\t\t<div class=\"elementor-element elementor-element-4abe9e0 elementor-widget elementor-widget-image\" data-id=\"4abe9e0\" data-element_type=\"widget\" data-widget_type=\"image.default\">\n\t\t\t\t<div class=\"elementor-widget-container\">\n\t\t\t\t\t\t\t\t<div class=\"elementor-image\">\n\t\t\t\t\t\t\t\t\t\t\t\t<img loading=\"lazy\" decoding=\"async\" width=\"1848\" height=\"1224\" src=\"https:\/\/nouyadjamassociates.com\/wp-content\/uploads\/2023\/04\/3.jpg\" class=\"attachment-2048x2048 size-2048x2048 wp-image-866\" alt=\"\" srcset=\"https:\/\/nouyadjamassociates.com\/wp-content\/uploads\/2023\/04\/3.jpg 1848w, https:\/\/nouyadjamassociates.com\/wp-content\/uploads\/2023\/04\/3-300x199.jpg 300w, https:\/\/nouyadjamassociates.com\/wp-content\/uploads\/2023\/04\/3-1024x678.jpg 1024w, https:\/\/nouyadjamassociates.com\/wp-content\/uploads\/2023\/04\/3-768x509.jpg 768w, https:\/\/nouyadjamassociates.com\/wp-content\/uploads\/2023\/04\/3-1536x1017.jpg 1536w\" sizes=\"auto, (max-width: 1848px) 100vw, 1848px\" \/>\t\t\t\t\t\t\t\t\t\t\t\t\t\t<\/div>\n\t\t\t\t\t\t<\/div>\n\t\t\t\t<\/div>\n\t\t\t\t\t\t<\/div>\n\t\t\t\t\t<\/div>\n\t\t<\/div>\n\t\t\t\t\t\t\t\t<\/div>\n\t\t\t\t\t<\/div>\n\t\t<\/section>\n\t\t\t\t<section class=\"elementor-section elementor-top-section elementor-element elementor-element-7802c96 elementor-section-boxed elementor-section-height-default elementor-section-height-default\" data-id=\"7802c96\" data-element_type=\"section\" id=\"section-details\">\n\t\t\t\t\t\t<div class=\"elementor-container elementor-column-gap-default\">\n\t\t\t\t\t\t\t<div class=\"elementor-row\">\n\t\t\t\t\t<div class=\"elementor-column elementor-col-100 elementor-top-column elementor-element elementor-element-bfc2f69\" data-id=\"bfc2f69\" data-element_type=\"column\">\n\t\t\t<div class=\"elementor-column-wrap elementor-element-populated\">\n\t\t\t\t\t\t\t<div class=\"elementor-widget-wrap\">\n\t\t\t\t\t\t<div class=\"elementor-element elementor-element-18bd047 elementor-widget elementor-widget-text-editor\" data-id=\"18bd047\" data-element_type=\"widget\" data-widget_type=\"text-editor.default\">\n\t\t\t\t<div class=\"elementor-widget-container\">\n\t\t\t\t\t\t\t\t<div class=\"elementor-text-editor elementor-clearfix\">\n\t\t\t\t<h4>Esquire<\/h4><p>Titulaire d'une ma\u00eetrise en droit priv\u00e9 et d'un DESS en droit du cyberespace et des TIC de l'Universit\u00e9 Gaston Berger, S\u00e9n\u00e9gal.<br \/>Elle est sp\u00e9cialis\u00e9e dans le recouvrement de cr\u00e9ances, le droit des TIC, le droit du travail, le droit des assurances et le droit foncier. <br \/>Elle parle couramment le fran\u00e7ais et exerce professionnellement en anglais.<\/p>\t\t\t\t\t<\/div>\n\t\t\t\t\t\t<\/div>\n\t\t\t\t<\/div>\n\t\t\t\t\t\t<\/div>\n\t\t\t\t\t<\/div>\n\t\t<\/div>\n\t\t\t\t\t\t\t\t<\/div>\n\t\t\t\t\t<\/div>\n\t\t<\/section>\n\t\t\t\t<section class=\"elementor-section elementor-top-section elementor-element elementor-element-43b4120 elementor-section-boxed elementor-section-height-default elementor-section-height-default\" data-id=\"43b4120\" data-element_type=\"section\">\n\t\t\t\t\t\t<div class=\"elementor-container elementor-column-gap-default\">\n\t\t\t\t\t\t\t<div class=\"elementor-row\">\n\t\t\t\t\t<div class=\"elementor-column elementor-col-100 elementor-top-column elementor-element elementor-element-b94624d\" data-id=\"b94624d\" data-element_type=\"column\">\n\t\t\t<div class=\"elementor-column-wrap elementor-element-populated\">\n\t\t\t\t\t\t\t<div class=\"elementor-widget-wrap\">\n\t\t\t\t\t\t<div class=\"elementor-element elementor-element-04722b7 elementor-shape-circle e-grid-align-left elementor-grid-0 elementor-widget elementor-widget-social-icons\" data-id=\"04722b7\" data-element_type=\"widget\" data-widget_type=\"social-icons.default\">\n\t\t\t\t<div class=\"elementor-widget-container\">\n\t\t\t\t\t<div class=\"elementor-social-icons-wrapper elementor-grid\">\n\t\t\t\t\t\t\t<span class=\"elementor-grid-item\">\n\t\t\t\t\t<a class=\"elementor-icon elementor-social-icon elementor-social-icon-facebook elementor-repeater-item-9ed6213\" target=\"_blank\">\n\t\t\t\t\t\t<span class=\"elementor-screen-only\">Facebook<\/span>\n\t\t\t\t\t\t<i class=\"fab fa-facebook\"><\/i>\t\t\t\t\t<\/a>\n\t\t\t\t<\/span>\n\t\t\t\t\t\t\t<span class=\"elementor-grid-item\">\n\t\t\t\t\t<a class=\"elementor-icon elementor-social-icon elementor-social-icon-twitter elementor-repeater-item-fc3c16c\" target=\"_blank\">\n\t\t\t\t\t\t<span class=\"elementor-screen-only\">Twitter<\/span>\n\t\t\t\t\t\t<i class=\"fab fa-twitter\"><\/i>\t\t\t\t\t<\/a>\n\t\t\t\t<\/span>\n\t\t\t\t\t\t\t<span class=\"elementor-grid-item\">\n\t\t\t\t\t<a class=\"elementor-icon elementor-social-icon elementor-social-icon-youtube elementor-repeater-item-233bb48\" target=\"_blank\">\n\t\t\t\t\t\t<span class=\"elementor-screen-only\">Youtube<\/span>\n\t\t\t\t\t\t<i class=\"fab fa-youtube\"><\/i>\t\t\t\t\t<\/a>\n\t\t\t\t<\/span>\n\t\t\t\t\t<\/div>\n\t\t\t\t<\/div>\n\t\t\t\t<\/div>\n\t\t\t\t\t\t<\/div>\n\t\t\t\t\t<\/div>\n\t\t<\/div>\n\t\t\t\t\t\t\t\t<\/div>\n\t\t\t\t\t<\/div>\n\t\t<\/section>\n\t\t\t\t\t\t\t\t\t<\/div>\n\t\t\t<\/div>\n\t\t\t\t\t<\/div>","protected":false},"excerpt":{"rendered":"<p>Esquire Holder of a Master&#8217;s degree in Private Law and a DESS in Cyberspace and ICT Law from the Gaston Berger University, Senegal.She specializes in debt collection, ICT law, labor law, insurance law and land law. She is fluent in French and practices professionally in English. Facebook Twitter Youtube<\/p>","protected":false},"author":1,"featured_media":0,"parent":0,"menu_order":0,"comment_status":"closed","ping_status":"closed","template":"","meta":{"_themeisle_gutenberg_block_has_review":false,"footnotes":""},"class_list":["post-1952","page","type-page","status-publish","hentry"],"yoast_head":"<!-- This site is optimized with the Yoast SEO plugin v19.7.1 - https:\/\/yoast.com\/wordpress\/plugins\/seo\/ -->\n<title>DJOMO epse TOUKO L - Nouyadjam &amp; Associates<\/title>\n<meta name=\"robots\" content=\"index, follow, max-snippet:-1, max-image-preview:large, max-video-preview:-1\" \/>\n<link rel=\"canonical\" href=\"https:\/\/nouyadjamassociates.com\/fr\/djomo-epse-touko-l\/\" \/>\n<meta property=\"og:locale\" content=\"fr_FR\" \/>\n<meta property=\"og:type\" content=\"article\" \/>\n<meta property=\"og:title\" content=\"DJOMO epse TOUKO L - Nouyadjam &amp; Associates\" \/>\n<meta property=\"og:description\" content=\"Esquire Holder of a Master&#8217;s degree in Private Law and a DESS in Cyberspace and ICT Law from the Gaston Berger University, Senegal.She specializes in debt collection, ICT law, labor law, insurance law and land law. She is fluent in French and practices professionally in English. Facebook Twitter Youtube\" \/>\n<meta property=\"og:url\" content=\"https:\/\/nouyadjamassociates.com\/fr\/djomo-epse-touko-l\/\" \/>\n<meta property=\"og:site_name\" content=\"Nouyadjam &amp; Associates\" \/>\n<meta property=\"article:modified_time\" content=\"2023-05-12T16:32:04+00:00\" \/>\n<meta property=\"og:image\" content=\"https:\/\/nouyadjamassociates.com\/wp-content\/uploads\/2023\/04\/3.jpg\" \/>\n<script type=\"application\/ld+json\" class=\"yoast-schema-graph\">{\"@context\":\"https:\/\/schema.org\",\"@graph\":[{\"@type\":\"WebPage\",\"@id\":\"https:\/\/nouyadjamassociates.com\/djomo-epse-touko-l\/\",\"url\":\"https:\/\/nouyadjamassociates.com\/djomo-epse-touko-l\/\",\"name\":\"DJOMO epse TOUKO L - Nouyadjam &amp; Associates\",\"isPartOf\":{\"@id\":\"https:\/\/nouyadjamassociates.com\/#website\"},\"datePublished\":\"2023-05-09T12:19:14+00:00\",\"dateModified\":\"2023-05-12T16:32:04+00:00\",\"breadcrumb\":{\"@id\":\"https:\/\/nouyadjamassociates.com\/djomo-epse-touko-l\/#breadcrumb\"},\"inLanguage\":\"fr-FR\",\"potentialAction\":[{\"@type\":\"ReadAction\",\"target\":[\"https:\/\/nouyadjamassociates.com\/djomo-epse-touko-l\/\"]}]},{\"@type\":\"BreadcrumbList\",\"@id\":\"https:\/\/nouyadjamassociates.com\/djomo-epse-touko-l\/#breadcrumb\",\"itemListElement\":[{\"@type\":\"ListItem\",\"position\":1,\"name\":\"DJOMO epse TOUKO L\"}]},{\"@type\":\"WebSite\",\"@id\":\"https:\/\/nouyadjamassociates.com\/#website\",\"url\":\"https:\/\/nouyadjamassociates.com\/\",\"name\":\"Nouyadjam &amp; Associates\",\"description\":\"\",\"publisher\":{\"@id\":\"https:\/\/nouyadjamassociates.com\/#organization\"},\"potentialAction\":[{\"@type\":\"SearchAction\",\"target\":{\"@type\":\"EntryPoint\",\"urlTemplate\":\"https:\/\/nouyadjamassociates.com\/?s={search_term_string}\"},\"query-input\":\"required name=search_term_string\"}],\"inLanguage\":\"fr-FR\"},{\"@type\":\"Organization\",\"@id\":\"https:\/\/nouyadjamassociates.com\/#organization\",\"name\":\"Nouyadjam &amp; Associates\",\"url\":\"https:\/\/nouyadjamassociates.com\/\",\"sameAs\":[],\"logo\":{\"@type\":\"ImageObject\",\"inLanguage\":\"fr-FR\",\"@id\":\"https:\/\/nouyadjamassociates.com\/#\/schema\/logo\/image\/\",\"url\":\"https:\/\/nouyadjamassociates.com\/wp-content\/uploads\/2023\/04\/cropped-logo-blue_0.png\",\"contentUrl\":\"https:\/\/nouyadjamassociates.com\/wp-content\/uploads\/2023\/04\/cropped-logo-blue_0.png\",\"width\":384,\"height\":250,\"caption\":\"Nouyadjam &amp; Associates\"},\"image\":{\"@id\":\"https:\/\/nouyadjamassociates.com\/#\/schema\/logo\/image\/\"}}]}<\/script>\n<!-- \/ Yoast SEO plugin. -->","yoast_head_json":{"title":"DJOMO epse TOUKO L - Nouyadjam &amp; Associates","robots":{"index":"index","follow":"follow","max-snippet":"max-snippet:-1","max-image-preview":"max-image-preview:large","max-video-preview":"max-video-preview:-1"},"canonical":"https:\/\/nouyadjamassociates.com\/fr\/djomo-epse-touko-l\/","og_locale":"fr_FR","og_type":"article","og_title":"DJOMO epse TOUKO L - Nouyadjam &amp; Associates","og_description":"Esquire Holder of a Master&#8217;s degree in Private Law and a DESS in Cyberspace and ICT Law from the Gaston Berger University, Senegal.She specializes in debt collection, ICT law, labor law, insurance law and land law. She is fluent in French and practices professionally in English. Facebook Twitter Youtube","og_url":"https:\/\/nouyadjamassociates.com\/fr\/djomo-epse-touko-l\/","og_site_name":"Nouyadjam &amp; Associates","article_modified_time":"2023-05-12T16:32:04+00:00","og_image":[{"url":"https:\/\/nouyadjamassociates.com\/wp-content\/uploads\/2023\/04\/3.jpg"}],"schema":{"@context":"https:\/\/schema.org","@graph":[{"@type":"WebPage","@id":"https:\/\/nouyadjamassociates.com\/djomo-epse-touko-l\/","url":"https:\/\/nouyadjamassociates.com\/djomo-epse-touko-l\/","name":"DJOMO epse TOUKO L - Nouyadjam &amp; Associates","isPartOf":{"@id":"https:\/\/nouyadjamassociates.com\/#website"},"datePublished":"2023-05-09T12:19:14+00:00","dateModified":"2023-05-12T16:32:04+00:00","breadcrumb":{"@id":"https:\/\/nouyadjamassociates.com\/djomo-epse-touko-l\/#breadcrumb"},"inLanguage":"fr-FR","potentialAction":[{"@type":"ReadAction","target":["https:\/\/nouyadjamassociates.com\/djomo-epse-touko-l\/"]}]},{"@type":"BreadcrumbList","@id":"https:\/\/nouyadjamassociates.com\/djomo-epse-touko-l\/#breadcrumb","itemListElement":[{"@type":"ListItem","position":1,"name":"DJOMO epse TOUKO L"}]},{"@type":"WebSite","@id":"https:\/\/nouyadjamassociates.com\/#website","url":"https:\/\/nouyadjamassociates.com\/","name":"Nouyadjam &amp; Associates","description":"","publisher":{"@id":"https:\/\/nouyadjamassociates.com\/#organization"},"potentialAction":[{"@type":"SearchAction","target":{"@type":"EntryPoint","urlTemplate":"https:\/\/nouyadjamassociates.com\/?s={search_term_string}"},"query-input":"required name=search_term_string"}],"inLanguage":"fr-FR"},{"@type":"Organization","@id":"https:\/\/nouyadjamassociates.com\/#organization","name":"Nouyadjam &amp; Associates","url":"https:\/\/nouyadjamassociates.com\/","sameAs":[],"logo":{"@type":"ImageObject","inLanguage":"fr-FR","@id":"https:\/\/nouyadjamassociates.com\/#\/schema\/logo\/image\/","url":"https:\/\/nouyadjamassociates.com\/wp-content\/uploads\/2023\/04\/cropped-logo-blue_0.png","contentUrl":"https:\/\/nouyadjamassociates.com\/wp-content\/uploads\/2023\/04\/cropped-logo-blue_0.png","width":384,"height":250,"caption":"Nouyadjam &amp; Associates"},"image":{"@id":"https:\/\/nouyadjamassociates.com\/#\/schema\/logo\/image\/"}}]}},"_links":{"self":[{"href":"https:\/\/nouyadjamassociates.com\/fr\/wp-json\/wp\/v2\/pages\/1952","targetHints":{"allow":["GET"]}}],"collection":[{"href":"https:\/\/nouyadjamassociates.com\/fr\/wp-json\/wp\/v2\/pages"}],"about":[{"href":"https:\/\/nouyadjamassociates.com\/fr\/wp-json\/wp\/v2\/types\/page"}],"author":[{"embeddable":true,"href":"https:\/\/nouyadjamassociates.com\/fr\/wp-json\/wp\/v2\/users\/1"}],"replies":[{"embeddable":true,"href":"https:\/\/nouyadjamassociates.com\/fr\/wp-json\/wp\/v2\/comments?post=1952"}],"version-history":[{"count":21,"href":"https:\/\/nouyadjamassociates.com\/fr\/wp-json\/wp\/v2\/pages\/1952\/revisions"}],"predecessor-version":[{"id":2313,"href":"https:\/\/nouyadjamassociates.com\/fr\/wp-json\/wp\/v2\/pages\/1952\/revisions\/2313"}],"wp:attachment":[{"href":"https:\/\/nouyadjamassociates.com\/fr\/wp-json\/wp\/v2\/media?parent=1952"}],"curies":[{"name":"wp","href":"https:\/\/api.w.org\/{rel}","templated":true}]}}